{"id":39,"date":"2022-05-11T15:58:01","date_gmt":"2022-05-11T13:58:01","guid":{"rendered":"http:\/\/boulevard-badlauterberg.com\/?page_id=39"},"modified":"2026-02-01T14:07:58","modified_gmt":"2026-02-01T13:07:58","slug":"mitglieder","status":"publish","type":"page","link":"https:\/\/boulevard-badlauterberg.com\/index.php\/mitglieder\/","title":{"rendered":"Mitglieder"},"content":{"rendered":"<p>Hier finden Sie eine alphabetische \u00dcbersicht unserer Mitglieder. Details erhalten Sie, indem Sie den entsprechenden Eintrag anklicken.<\/p>\n<p>A<\/p>\n<ul>\n<li><a href=\"https:\/\/boulevard-badlauterberg.com\/index.php\/2017\/09\/26\/abw-ambulantes-wohnen\/\">ABW &#8211; Ambulantes Wohnen<\/a><\/li>\n<li><a href=\"https:\/\/boulevard-badlauterberg.com\/index.php\/2017\/09\/26\/agrarmarkt-deppe\/\">Agrarmarkt Deppe GmbH<\/a><\/li>\n<li><a href=\"https:\/\/boulevard-badlauterberg.com\/index.php\/2017\/09\/26\/apotheke-am-postplatz\/\">Apotheke am Postplatz<\/a><\/li>\n<li><a href=\"https:\/\/boulevard-badlauterberg.com\/index.php\/2017\/09\/26\/autowelt-peter\/\">Autowelt Peter GmbH<\/a><\/li>\n<\/ul>\n<p>B<\/p>\n<ul>\n<li><a href=\"https:\/\/boulevard-badlauterberg.com\/index.php\/2017\/09\/26\/berggaststaette-hausberg\/\">Berggastst\u00e4tte Hausberg<\/a><\/li>\n<li><a href=\"https:\/\/boulevard-badlauterberg.com\/?p=820&amp;preview=true\">Bestattungsinstitut Borrmann-Willig<\/a><\/li>\n<li><a href=\"https:\/\/boulevard-badlauterberg.com\/index.php\/2017\/09\/26\/buchhandlung-moller\/\">Buchhandlung Moller<\/a><\/li>\n<\/ul>\n<p>C<\/p>\n<ul>\n<li><a href=\"https:\/\/boulevard-badlauterberg.com\/index.php\/2017\/09\/26\/cafe-und-konditorei-schnibbe\/\">Caf\u00e9 und Konditorei Schnibbe<\/a><\/li>\n<\/ul>\n<p>D<\/p>\n<ul>\n<li><a href=\"https:\/\/boulevard-badlauterberg.com\/index.php\/2017\/09\/26\/doebrich-kohl-gmbh\/\">D\u00f6brich &amp; Kohl GmbH<\/a><\/li>\n<li><a href=\"https:\/\/boulevard-badlauterberg.com\/index.php\/2017\/09\/26\/der-regionalmakler-gbr\/\">Der Regionalmakler GbR<\/a><\/li>\n<li><a href=\"https:\/\/boulevard-badlauterberg.com\/index.php\/2017\/09\/26\/dr-ulrich-schaefer\/\">Dr. Ulrich Sch\u00e4fer<\/a><\/li>\n<\/ul>\n<p>E<\/p>\n<ul>\n<li><a href=\"https:\/\/boulevard-badlauterberg.com\/index.php\/2017\/09\/26\/einrichtungshaus-steckel-e-k\/\">Einrichtungshaus Steckel<\/a><\/li>\n<\/ul>\n<p>F<\/p>\n<ul>\n<li><a href=\"https:\/\/boulevard-badlauterberg.com\/index.php\/2017\/09\/26\/foto-lindenberg\/\">Foto Lindenberg<\/a><\/li>\n<li><a href=\"https:\/\/boulevard-badlauterberg.com\/index.php\/2017\/09\/26\/schuhhaus-froehlich\/\">Fr\u00f6lich Schuhe<\/a><\/li>\n<li><a href=\"https:\/\/boulevard-badlauterberg.com\/index.php\/2026\/02\/01\/funke-mediengruppe\/\">Funke Mediengruppe<\/a><\/li>\n<\/ul>\n<p>G<\/p>\n<ul>\n<li><a href=\"https:\/\/boulevard-badlauterberg.com\/index.php\/2017\/09\/26\/gaertnerei-borowski\/\">G\u00e4rtnerei Borowski<\/a><\/li>\n<li><a href=\"https:\/\/boulevard-badlauterberg.com\/index.php\/2017\/09\/26\/gollee-kirchberg-kliniken-und-therme\/\">Goll\u00e9e Kirchberg Kliniken und Therme<\/a><\/li>\n<li><a href=\"https:\/\/boulevard-badlauterberg.com\/index.php\/2017\/09\/26\/grundstuecksgesellschaft-koenig-gbr\/\">Grundst\u00fccksgesellschaft K\u00f6nig GbR<\/a><\/li>\n<\/ul>\n<p>H<\/p>\n<ul>\n<li><a href=\"https:\/\/boulevard-badlauterberg.com\/index.php\/2022\/10\/19\/haus-lauterberg-fewo-meyer\/\">Haus Lauterberg-Fewo Meyer<\/a><\/li>\n<li><a href=\"https:\/\/boulevard-badlauterberg.com\/index.php\/2026\/02\/01\/harz-destillerie\/\">Harz Destillerie<\/a><\/li>\n<li><a href=\"https:\/\/boulevard-badlauterberg.com\/index.php\/2017\/09\/26\/h-schwickert-ohg\/\">H. Schwickert OHG<\/a><\/li>\n<li><a href=\"https:\/\/boulevard-badlauterberg.com\/index.php\/2026\/02\/01\/hungerland-lackierungen-karosseriebau\/\">Hungerland Lackierungen &amp; Karosseriebau<\/a><\/li>\n<\/ul>\n<p>I<\/p>\n<p>J<\/p>\n<ul>\n<li><a href=\"https:\/\/boulevard-badlauterberg.com\/index.php\/2026\/02\/01\/janets-soulessence\/\">Janet\u00b4s Soulessence<\/a><\/li>\n<li><a href=\"https:\/\/boulevard-badlauterberg.com\/index.php\/2017\/09\/26\/juwelier-bicke\/\">Juwelier Bicke<\/a><\/li>\n<li><a href=\"https:\/\/boulevard-badlauterberg.com\/index.php\/2026\/02\/01\/jannsen-apotheke\/\">Jannsen Apotheke<\/a><\/li>\n<\/ul>\n<p>K<\/p>\n<ul>\n<li><a href=\"https:\/\/boulevard-badlauterberg.com\/index.php\/2017\/09\/26\/klaus-rudolph\/\">Klaus Rudolph<\/a><\/li>\n<li><a href=\"https:\/\/boulevard-badlauterberg.com\/index.php\/2017\/09\/26\/kurhotel-heikenberg\/\">Kneipp-Kurhaus Heikenberg<\/a><\/li>\n<li><a href=\"https:\/\/boulevard-badlauterberg.com\/index.php\/2017\/09\/26\/koithahn\/\">Koithahn&#8217;s Landwurst Spezialit\u00e4ten<\/a><\/li>\n<li><a href=\"https:\/\/boulevard-badlauterberg.com\/index.php\/2017\/09\/26\/kopp-minne-gmbh\/\">Kopp &amp; Minne GmbH<\/a><\/li>\n<li><a href=\"https:\/\/boulevard-badlauterberg.com\/index.php\/2017\/09\/26\/kosmetikstudio-marquardt\/\">Kosmetikstudio Marquardt<\/a><\/li>\n<li><a href=\"https:\/\/boulevard-badlauterberg.com\/index.php\/2017\/09\/26\/kruse-bau-ohg\/\">Kruse Bau OHG<\/a><\/li>\n<\/ul>\n<p>L<\/p>\n<ul>\n<li><a href=\"https:\/\/boulevard-badlauterberg.com\/index.php\/2017\/09\/26\/lauter-schuhe\/\">Lauter Schuhe<\/a><\/li>\n<li><a href=\"https:\/\/boulevard-badlauterberg.com\/index.php\/2026\/02\/01\/lokal-73\/\">Lokal 73<\/a><\/li>\n<\/ul>\n<p>M<\/p>\n<ul>\n<li><a href=\"https:\/\/boulevard-badlauterberg.com\/index.php\/2017\/09\/26\/malermeister-oliver-eckstein\/\">Malermeister Oliver Eckstein<\/a><\/li>\n<li><a href=\"https:\/\/boulevard-badlauterberg.com\/index.php\/2017\/09\/26\/malerwerkstatt-wicke\/\">Malerwerkstatt Wicke<\/a><\/li>\n<li><a href=\"https:\/\/boulevard-badlauterberg.com\/index.php\/2026\/02\/01\/martin-ludwig\/\">Martin Ludwig<\/a><\/li>\n<li><a href=\"https:\/\/boulevard-badlauterberg.com\/index.php\/2017\/09\/26\/martini-eiscafe\/\">Martini Eiscaf\u00e9<\/a><\/li>\n<li><a href=\"https:\/\/boulevard-badlauterberg.com\/index.php\/2017\/09\/26\/muschinsky-kliniken\/\">Muschinsky Kliniken<\/a><\/li>\n<li><a href=\"https:\/\/boulevard-badlauterberg.com\/index.php\/2017\/09\/26\/2-meister-konditorei-mangold\/\">2 Meister Konditorei Mangold<\/a><\/li>\n<li><a href=\"https:\/\/boulevard-badlauterberg.com\/index.php\/2017\/09\/25\/modehaus-rudolphi\/\">Modehaus Rudolphi<\/a><\/li>\n<\/ul>\n<p>N<\/p>\n<p>O<\/p>\n<ul>\n<li><a href=\"https:\/\/boulevard-badlauterberg.com\/index.php\/2017\/09\/26\/olaf-koch-heizung-bad\/\">Olaf Koch Heizung &amp; Bad<\/a><\/li>\n<li><a href=\"https:\/\/boulevard-badlauterberg.com\/index.php\/2022\/07\/20\/optik-andre\/\">Optik Andr\u00e9<\/a><\/li>\n<li><a href=\"https:\/\/boulevard-badlauterberg.com\/?p=776&amp;preview=true\"><u>Optik Cindy Wrede<\/u><\/a><\/li>\n<\/ul>\n<p>P<\/p>\n<ul>\n<li><a href=\"https:\/\/boulevard-badlauterberg.com\/index.php\/2017\/09\/26\/parkhotel-weber-mueller\/\">Parkhotel Weber-M\u00fcller<\/a><\/li>\n<li><a href=\"https:\/\/boulevard-badlauterberg.com\/index.php\/2022\/10\/19\/pension-kreihe\/\">Pension Kreihe<\/a><\/li>\n<\/ul>\n<p>Q<\/p>\n<p>R<\/p>\n<ul>\n<li><a href=\"https:\/\/boulevard-badlauterberg.com\/index.php\/2017\/09\/26\/rainer-fischer-lederwaren-e-k\/\">Rainer Fischer Lederwaren e.K.<\/a><\/li>\n<li><a href=\"https:\/\/boulevard-badlauterberg.com\/index.php\/2017\/09\/26\/reiterhof-kreihe\/\">Reiterhof Kreihe<\/a><\/li>\n<li><a href=\"https:\/\/boulevard-badlauterberg.com\/index.php\/2017\/09\/26\/rene-prophet\/\">Ren\u00e9 Prophet<\/a><\/li>\n<li><a href=\"https:\/\/boulevard-badlauterberg.com\/index.php\/2017\/09\/26\/restaurant-zum-belgier\/\">Restaurant &#8222;Zum Belgier&#8220;<\/a><\/li>\n<li><a href=\"https:\/\/boulevard-badlauterberg.com\/index.php\/2017\/09\/27\/balkan-grill-bei-miro\/\">Restaurant &#8222;Balkan Grill bei Miro&#8220;<\/a><\/li>\n<li><a href=\"https:\/\/boulevard-badlauterberg.com\/index.php\/2017\/09\/26\/revita-hotel\/\">Revita Hotel<\/a><\/li>\n<li><a href=\"https:\/\/boulevard-badlauterberg.com\/index.php\/2017\/09\/26\/rhotec-computer\/\">Rhotec Computer<\/a><\/li>\n<li><a href=\"https:\/\/boulevard-badlauterberg.com\/index.php\/2017\/09\/26\/rikes-wollmaus-e-k\/\">Rikes Wollmaus<\/a><\/li>\n<\/ul>\n<p>S<\/p>\n<ul>\n<li><a href=\"https:\/\/boulevard-badlauterberg.com\/index.php\/2017\/09\/26\/sehzentrum-bicke\/\">Sehzentrum Bicke<\/a><\/li>\n<li><a href=\"https:\/\/boulevard-badlauterberg.com\/index.php\/2017\/09\/26\/sparkasse-osterode-am-harz\/\">Sparkasse Osterode am Harz<\/a><\/li>\n<li><a href=\"https:\/\/boulevard-badlauterberg.com\/index.php\/2017\/09\/26\/sozietaet-becker-elsner\/\">Steuerb\u00fcro Becker &amp; Elsn<\/a><\/li>\n<\/ul>\n<p>T<\/p>\n<ul>\n<li><a href=\"https:\/\/boulevard-badlauterberg.com\/index.php\/2017\/09\/26\/teehaus-aschermann\/\">Teehaus Marianne Aschermann<\/a><\/li>\n<li><a href=\"https:\/\/boulevard-badlauterberg.com\/index.php\/2017\/09\/26\/thomas-hoelscher\/\">Thomas H\u00f6lscher<\/a><\/li>\n<li><a href=\"https:\/\/boulevard-badlauterberg.com\/index.php\/2026\/02\/01\/tourismusagentur-harz\/\">Tourismusagentur Harz<\/a><\/li>\n<li><a href=\"https:\/\/boulevard-badlauterberg.com\/?p=326&amp;preview=true\">Tran Anh Tuan<\/a><\/li>\n<\/ul>\n<p>U<\/p>\n<p>V<\/p>\n<ul>\n<li><a href=\"https:\/\/boulevard-badlauterberg.com\/index.php\/2017\/09\/26\/vgh-versicherungen-fritzowsky\/\">VGH Duensing &amp; Patermann GmbH<\/a><\/li>\n<li><a href=\"https:\/\/boulevard-badlauterberg.com\/index.php\/2022\/05\/02\/muehl-vital-resort\/\">Vital Resort M\u00fchl<\/a><\/li>\n<li><a href=\"https:\/\/boulevard-badlauterberg.com\/index.php\/2017\/09\/26\/volksbank-im-harz\/\">Volksbank im Harz<\/a><\/li>\n<\/ul>\n<p>W<\/p>\n<ul>\n<li><a href=\"https:\/\/boulevard-badlauterberg.com\/index.php\/2017\/09\/26\/werner-koch-gmbh-co-kg\/\">Werner Koch GmbH &amp; Co KG<\/a><\/li>\n<\/ul>\n<p>X<\/p>\n<p>Y<\/p>\n<p>Z<\/p>\n","protected":false},"excerpt":{"rendered":"<p>Hier finden Sie eine alphabetische \u00dcbersicht unserer Mitglieder. Details erhalten Sie, indem Sie den entsprechenden Eintrag anklicken. A ABW &#8211; Ambulantes Wohnen Agrarmarkt Deppe GmbH Apotheke am Postplatz Autowelt Peter GmbH B Berggastst\u00e4tte Hausberg Bestattungsinstitut Borrmann-Willig Buchhandlung Moller C Caf\u00e9 und Konditorei Schnibbe D D\u00f6brich &amp; Kohl GmbH Der Regionalmakler GbR Dr. Ulrich Sch\u00e4fer E [&hellip;]<\/p>\n","protected":false},"author":1,"featured_media":0,"parent":0,"menu_order":0,"comment_status":"closed","ping_status":"closed","template":"","meta":{"footnotes":""},"class_list":["post-39","page","type-page","status-publish","hentry"],"_links":{"self":[{"href":"https:\/\/boulevard-badlauterberg.com\/index.php\/wp-json\/wp\/v2\/pages\/39","targetHints":{"allow":["GET"]}}],"collection":[{"href":"https:\/\/boulevard-badlauterberg.com\/index.php\/wp-json\/wp\/v2\/pages"}],"about":[{"href":"https:\/\/boulevard-badlauterberg.com\/index.php\/wp-json\/wp\/v2\/types\/page"}],"author":[{"embeddable":true,"href":"https:\/\/boulevard-badlauterberg.com\/index.php\/wp-json\/wp\/v2\/users\/1"}],"replies":[{"embeddable":true,"href":"https:\/\/boulevard-badlauterberg.com\/index.php\/wp-json\/wp\/v2\/comments?post=39"}],"version-history":[{"count":73,"href":"https:\/\/boulevard-badlauterberg.com\/index.php\/wp-json\/wp\/v2\/pages\/39\/revisions"}],"predecessor-version":[{"id":889,"href":"https:\/\/boulevard-badlauterberg.com\/index.php\/wp-json\/wp\/v2\/pages\/39\/revisions\/889"}],"wp:attachment":[{"href":"https:\/\/boulevard-badlauterberg.com\/index.php\/wp-json\/wp\/v2\/media?parent=39"}],"curies":[{"name":"wp","href":"https:\/\/api.w.org\/{rel}","templated":true}]}}