{"id":479,"date":"2020-03-31T14:00:30","date_gmt":"2020-03-31T12:00:30","guid":{"rendered":"https:\/\/boulevard-badlauterberg.com\/?page_id=479"},"modified":"2020-05-14T16:19:12","modified_gmt":"2020-05-14T14:19:12","slug":"wer-macht-was","status":"publish","type":"page","link":"https:\/\/boulevard-badlauterberg.com\/index.php\/wer-macht-was\/","title":{"rendered":"\u00d6ffnungszeiten ab 11.05.2020"},"content":{"rendered":"<p><span style=\"color: #000000;\">11.05.2020. Seit Montag, den 11.05.2020 sind fast alle Gesch\u00e4fte wieder zu den normalen \u00d6ffnungszeiten ge\u00f6ffnet. Ebenfalls die Restaurants und Gastst\u00e4tten, nat\u00fcrlich unter den zur Zeit geltenden Hygiene- und Abstandsregeln. Einzelne Zeiten k\u00f6nnen abweichen, bitte informieren Sie sich vor Ort oder auf den Seiten des H\u00e4ndlers.<\/span><\/p>\n<hr style=\"border: solid #ff0000 1px; height: 1px;\" \/>\n<p><span style=\"color: #000000;\">20.04.2020. Hier finden Sie die alte \u00dcbersicht, was in Bad Lauterberg von wem noch angeboten wird (Stand 2\u00df. Die \u00dcbersicht wird st\u00e4ndig aktualisiert.<\/span><\/p>\n<p><strong><span style=\"color: #000000;\">Teehaus Aschermann<\/span><\/strong><\/p>\n<ul>\n<li><span style=\"color: #000000;\">Ab dem 20.04.2020 wieder normale \u00d6ffnungszeiten<\/span><\/li>\n<li><span style=\"color: #000000;\">Montag &#8211; Freitag 09-18 Uhr, Samstag 09-13 Uhr<\/span><\/li>\n<\/ul>\n<hr style=\"border: solid #ff0000 1px; height: 1px;\" \/>\n<p><strong><span style=\"color: #000000;\">Prophet Raumausstattungen<\/span><\/strong><\/p>\n<ul>\n<li><span style=\"color: #000000;\">komplettes Sortiment und Dienstleistungen<\/span><\/li>\n<li><span style=\"color: #000000;\">Tel 05524-999551<\/span><\/li>\n<li><span style=\"color: #000000;\">Mail: <a style=\"color: #000000;\" href=\"mailto:info@prophet-raumausstattung.de\">info@prophet-raumausstattung.de<\/a><\/span><\/li>\n<li><span style=\"color: #000000;\">Web: <a style=\"color: #000000;\" href=\"http:\/\/www.prophet-raumausstattung.de\/\">www.prophet-raumausstattung.de<\/a><\/span><\/li>\n<\/ul>\n<hr style=\"border: solid #ff0000 1px; height: 1px;\" \/>\n<p><strong><span style=\"color: #000000;\">Hungerland Lackierungen und Karosseriebau<\/span><\/strong><\/p>\n<ul>\n<li><span style=\"color: #000000;\">ge\u00f6ffnet mit den vollem Dienstleistungsprogramm<\/span><\/li>\n<li><span style=\"color: #000000;\">Web: <a class=\"moz-txt-link-abbreviated\" style=\"color: #000000;\" href=\"http:\/\/www.lackiererei-harz.de\">www.lackiererei-harz.de<\/a><\/span><\/li>\n<li><span style=\"color: #000000;\">Whatsapp: 05524-3506<\/span><\/li>\n<li><span style=\"color: #000000;\">Kostenloser Hol- und Bringdienst f\u00fcr Kunden<\/span><\/li>\n<\/ul>\n<hr style=\"border: solid #ff0000 1px; height: 1px;\" \/>\n<p><strong><span style=\"color: #000000;\">Schwickert<\/span><\/strong><\/p>\n<ul>\n<li><span style=\"color: #000000;\">Werkmarkt Mo &#8211; Fr 09.00-17.00 Uhr, Sa 09.00-14.00 Uhr, Eingang von der Ladestra\u00dfe<br \/>\n<\/span><\/li>\n<li><span style=\"color: #000000;\">Alles anderen Abteilungen Mo &#8211; Fr 10.00-17.00 Uhr, Sa 10.00-14.00 Uhr, Eingang von der Hauptstra\u00dfe<\/span><span style=\"color: #000000;\"><br \/>\n<\/span><\/li>\n<\/ul>\n<hr style=\"border: solid #ff0000 1px; height: 1px;\" \/>\n<p><strong><span style=\"color: #000000;\">Foto Lindenberg<\/span><\/strong><\/p>\n<ul>\n<li><span style=\"color: #000000;\">Ab dem 20.04.2020 mit folgenden \u00d6ffnungszeiten:<\/span><\/li>\n<li><span style=\"color: #000000;\">Mo &#8211; Fr 10.00 &#8211; 12.30 Uhr und 15.00 &#8211; 16.30 Uhr, Sa 10.00 &#8211; 12.30 Uhr<br \/>\n<\/span><\/li>\n<li><span style=\"color: #000000;\">Mehr Infos: Facebook <span lang=\"EN-US\"><a style=\"color: #000000;\" href=\"https:\/\/www.facebook.com\/fotostudiolindenberg\/\">https:\/\/www.facebook.com\/fotostudiolindenberg\/<\/a><\/span><\/span><\/li>\n<\/ul>\n<hr style=\"border: solid #ff0000 1px; height: 1px;\" \/>\n<p><strong><span style=\"color: #000000;\">Optik Cindy Wrede<\/span><\/strong><\/p>\n<ul>\n<li><span style=\"color: #000000;\">Normale \u00d6ffnungszeiten ab dem 20.04.2020<br \/>\n<\/span><\/li>\n<\/ul>\n<hr style=\"border: solid #ff0000 1px; height: 1px;\" \/>\n<p><strong><span style=\"color: #000000;\">Kopp+Minne<\/span><\/strong><\/p>\n<ul>\n<li><span style=\"color: #000000;\">Mo-Fr\u00a0 9.00 Uhr bis 13.00 Uhr und von 14.30 Uhr bis 18.00 Uhr, Sa 9.00 &#8211; 13.00 Uhr<\/span><\/li>\n<li><span style=\"color: #000000;\">Online Schaufenster unter <a style=\"color: #000000;\" href=\"https:\/\/www.koppundminne.de\/\">https:\/\/www.koppundminne.de\/<\/a><\/span><\/li>\n<li><span style=\"color: #000000;\">Wir liefern weiterhin vor die Haust\u00fcr ! <\/span><\/li>\n<li><span style=\"color: #000000;\">Einzel-Shopping nach Terminabsprache m\u00f6glich ! <\/span><\/li>\n<\/ul>\n<hr style=\"border: solid #ff0000 1px; height: 1px;\" \/>\n<p><strong><span style=\"color: #000000;\">Baustoffe Werner Koch<\/span><\/strong><\/p>\n<ul>\n<li><span style=\"color: #000000;\">Montag &#8211; Freitag 7.30 &#8211; 17.00 Uhr, Sa 08.00 &#8211; -12.00 Uhr<br \/>\n<\/span><\/li>\n<li><span style=\"color: #000000;\">normal ge\u00f6ffnet, f\u00e4llt unter Baummarkt-Regelung<br \/>\n<\/span><span style=\"color: #000000;\">Tel 05524-85270<\/span><\/li>\n<li><span style=\"color: #000000;\">Mail info@kochbaustoffe.de<\/span><\/li>\n<\/ul>\n<hr style=\"border: solid #ff0000 1px; height: 1px;\" \/>\n<p><strong><span style=\"color: #000000;\">Kosmetikstudio Marquardt<\/span><\/strong><\/p>\n<ul>\n<li><span style=\"color: #000000;\">Ab 20.04.2020 Mo-Fr 10-00-16.00 Uhr nur Verkauf<br \/>\n<\/span><\/li>\n<li><span style=\"color: #000000;\">Behandlungen d\u00fcrfen z.Zt. noch nicht durchgef\u00fchrt werden, voraussichtlich ab dem 04.05.2020 wieder m\u00f6glich sein.<\/span><\/li>\n<li><span style=\"color: #000000;\">Termine k\u00f6nnen daf\u00fcr schon vereinbart werden<\/span><\/li>\n<li><span style=\"color: #000000;\">Tel 05524-4669<\/span><\/li>\n<li><span style=\"color: #000000;\">Mail <a style=\"color: #000000;\" href=\"mailto:info@kosmetikstudio.marquardt.de\">info@kosmetikstudio.marquardt.de<\/a><\/span><\/li>\n<\/ul>\n<hr style=\"border: solid #ff0000 1px; height: 1px;\" \/>\n<p><strong><span style=\"color: #000000;\">Der Regionalmakler<\/span><\/strong><\/p>\n<ul>\n<li><span style=\"color: #000000;\">weiterhin nur telefonisch zu erreichen unter 05524-931919<\/span><\/li>\n<li><span style=\"color: #000000;\">Besichtigungen nach Absprache m\u00f6glich<\/span><\/li>\n<\/ul>\n<hr style=\"border: solid #ff0000 1px; height: 1px;\" \/>\n<p><strong><span style=\"color: #000000;\">Malerbetrieb Oliver Eckstein<\/span><\/strong><\/p>\n<ul>\n<li><span style=\"color: #000000;\">Ausstellung f\u00fcr Kundenverkehr geschlossen<\/span><\/li>\n<li><span style=\"color: #000000;\">Muster oder Materielaien k\u00f6nnen nach Vorbestellung geliefert oder abgeholt werden.<\/span><\/li>\n<li><span style=\"color: #000000;\">Malerarbeiten erfolgen in kleinen, festen Teams, vorzugsweise an Fassaden oder leeren Wohnungen.<\/span><\/li>\n<li><span style=\"color: #000000;\">Web <a style=\"color: #000000;\" href=\"https:\/\/www.maler-eckstein.de\">https:\/\/www.maler-eckstein.de<\/a><\/span><\/li>\n<\/ul>\n<hr style=\"border: solid #ff0000 1px; height: 1px;\" \/>\n<p><span style=\"color: #000000;\"><strong>Koithahn&#8217;s Harzer Landwurst Spezialit\u00e4ten GmbH<\/strong><br \/>\n<\/span><\/p>\n<ul>\n<li><span style=\"color: #000000;\">\u00d6ffnungszeiten Montag &#8211; Donnerstag 07.30-18.00 Uhr, Freitag\u00a0 07.00-18.00 Uhr, Samstag 07.00-13.00 Uhr<\/span><\/li>\n<li><span style=\"color: #000000;\">Tel 05524-932692<\/span><\/li>\n<\/ul>\n<hr style=\"border: solid #ff0000 1px; height: 1px;\" \/>\n<p><strong><span style=\"color: #000000;\">Caf\u00e9 &#8211; Confiserie Mangold<\/span><\/strong><\/p>\n<ul>\n<li><span style=\"color: #000000;\">ab dem 20.04.2020 wieder t\u00e4glich, aber eigenschr\u00e4nkt ge\u00f6ffnet.<\/span><\/li>\n<li><span style=\"color: #000000;\">Alle auf Lager befindlichen Artikel werden nat\u00fcrlich auf Bestellung ab einem Wert von 25 Euro nach Hause geliefert.<\/span><\/li>\n<\/ul>\n<hr style=\"border: solid #ff0000 1px; height: 1px;\" \/>\n<p><strong><span style=\"color: #000000;\">Optik Beckmann<\/span><\/strong><\/p>\n<ul>\n<li><span style=\"color: #000000;\">Montag &#8211; Freitag 10.00-13.00 und 14.00 -16.00 Uhr,\u00a0 Samstag 10.00-13.00 Uhr<br \/>\n<\/span><\/li>\n<li><span style=\"color: #000000;\">Notdienst stellt Brillen und H\u00f6rsysteme sicher.<\/span><\/li>\n<li><span style=\"color: #000000;\">Web <a style=\"color: #000000;\" href=\"http:\/\/optik-beckmann.de\/\">http:\/\/optik-beckmann.de\/<\/a><\/span><\/li>\n<\/ul>\n<hr style=\"border: solid #ff0000 1px; height: 1px;\" \/>\n<p><strong><span style=\"color: #000000;\">G\u00e4rtnerei Borowski<\/span><\/strong><\/p>\n<ul>\n<li><span style=\"color: #000000;\">Montag &#8211; Freitag 08.30-18.00 Uhr, Samstag 08.30-14.00 Uhr<\/span><\/li>\n<li><span style=\"color: #000000;\">Tel 05524-3420<\/span><\/li>\n<li><span style=\"color: #000000;\">Mail <a style=\"color: #000000;\" href=\"mailto:info@borowski4you.de\">info@borowski4you.de<\/a><\/span><\/li>\n<\/ul>\n<hr style=\"border: solid #ff0000 1px; height: 1px;\" \/>\n<p><strong><span style=\"color: #000000;\">Buchhandlung Moller<\/span><\/strong><\/p>\n<ul>\n<li><span style=\"color: #000000;\">ge\u00f6ffnet von 10.00-12.00 Uhr<\/span><\/li>\n<li><span style=\"color: #000000;\">Bestellungen ebenfalls per Fcebook, Instagramm oder Telefon<\/span><\/li>\n<li><span style=\"color: #000000;\">Tel 05524-3558, Whatsapp 0151-53039421<\/span><\/li>\n<li><span style=\"color: #000000;\">Lieferung im gesamten Altkreis Osterode, Bezahlung per \u00dcberweisung.<\/span><\/li>\n<\/ul>\n<hr style=\"border: solid #ff0000 1px; height: 1px;\" \/>\n<p><strong><span style=\"color: #000000;\">Rikes Wollmaus<\/span><\/strong><\/p>\n<ul>\n<li><span style=\"color: #000000;\">Lieferung \u00fcber den Webshop aufgegebene Bestellung asap DHL<\/span><\/li>\n<li><span style=\"color: #000000;\">Montag-Freitag 11.00-15.00 Uhr erreichbar \u00fcber 05524-8671310 oder<\/span><\/li>\n<li><span style=\"color: #000000;\">per Mail <a style=\"color: #000000;\" href=\"mailto:bestellen@rikes-wollmaus.de\">bestellen@rikes-wollmaus.de <\/a><\/span><\/li>\n<\/ul>\n<hr style=\"border: solid #ff0000 1px; height: 1px;\" \/>\n<p><strong><span style=\"color: #000000;\">Modehaus Rudolphi<\/span><\/strong><\/p>\n<ul>\n<li><span style=\"color: #000000;\">ab 20.04.2020 ge\u00f6ffnet, allerdings mit abgetrennten, kleineren Bereichen unter Einaltung der aktuellen Vorschriften<\/span><\/li>\n<li><span style=\"color: #000000;\">Internet:\u00a0<a style=\"color: #000000;\" href=\"https:\/\/www.modehaus-rudolphi.de\"> https:\/\/www.modehaus-rudolphi.de<\/a> <\/span><\/li>\n<\/ul>\n<hr style=\"border: solid #ff0000 1px; height: 1px;\" \/>\n<p><strong><span style=\"color: #000000;\">Agrarmarkt Deppe<\/span><\/strong><\/p>\n<ul>\n<li><span style=\"color: #000000;\">07.00-18.45 Uhr Kunden werden \u00fcber einen separaten Eingang einzeln bedient<\/span><\/li>\n<li><span style=\"color: #000000;\">Berateung\/Verkauf in eingeschr\u00e4nkter Form unter Beachtung der ges. Vorschriften<\/span><\/li>\n<li><span style=\"color: #000000;\">Gutscheine im Online-Shop unter <a style=\"color: #000000;\" href=\"https:\/\/www.agrarmarkt-deppe.de\">https:\/\/www.agrarmarkt-deppe.de<\/a><\/span><\/li>\n<li><span style=\"color: #000000;\">Telefonische Beratung Privatkunden 05524-923019, Gesch\u00e4ftskunden 05524-923034<\/span><\/li>\n<li><span style=\"color: #000000;\">Waschanlage ist t\u00e4gl. von 07.00-22.00 Uhr ge\u00f6ffnet<\/span><\/li>\n<\/ul>\n<hr style=\"border: solid #ff0000 1px; height: 1px;\" \/>\n<p><span style=\"color: #000000;\"><strong>Parkhotel Weber-M\u00fcller GmbH<\/strong><\/span><\/p>\n<ul>\n<li><span style=\"color: #000000;\">t\u00e4gl. Gutscheinverkauf, Abholung von 09.00-12.00 Uhr<\/span><\/li>\n<li><span style=\"color: #000000;\">Wertgutscheine \u00fcber Fr\u00fchst\u00fccksgutscheine im Wintergarten oder auf der Sonnenterrasse \u00e1 14,50\u20ac<\/span><\/li>\n<li><span style=\"color: #000000;\">Massagegutscheine zum Wohlf\u00fchlen<\/span><\/li>\n<li><span style=\"color: #000000;\">Rosenbl\u00fctenbad in der Partnerwanne mit Sekt oder Bier 39,00\u20ac (2 Pers.)<\/span><\/li>\n<li><span style=\"color: #000000;\">Schoko-\u00d6l Massage f\u00fcr ein tolles Gef\u00fchl 49,90\u20ac<\/span><\/li>\n<li><span style=\"color: #000000;\">Web <a style=\"color: #000000;\" href=\"https:\/\/www.harz-parkhotel.de\/\">https:\/\/www.harz-parkhotel.de\/<\/a><\/span><\/li>\n<\/ul>\n<hr style=\"border: solid #ff0000 1px; height: 1px;\" \/>\n<p><span style=\"color: #000000;\"><strong>Lederwaren Fischer<\/strong><\/span><\/p>\n<ul>\n<li><span style=\"color: #000000;\">ab dem 20.04.2020 gelten die &#8222;normalen&#8220; \u00d6ffnungszeiten.<\/span><\/li>\n<li><span style=\"color: #000000;\">Mo-Sa 09.30-18.00 Uhr<\/span><\/li>\n<li><span style=\"color: #000000;\">Tel 05524-3487<br \/>\n<\/span><\/li>\n<li><span style=\"color: #000000;\">Mal <a style=\"color: #000000;\" href=\"mailto:rainer@fisscher-lederwaren.de\">rainer@fisscher-lederwaren.de<\/a><\/span><\/li>\n<\/ul>\n<hr style=\"border: solid #ff0000 1px; height: 1px;\" \/>\n<p><strong><span style=\"color: #000000;\">VGH Versicherungen Hans-J\u00f6rg Fritzowsky<\/span><\/strong><\/p>\n<ul>\n<li><span style=\"color: #000000;\">bis 03.05.2020 geschlossen<\/span><\/li>\n<li><span style=\"color: #000000;\">ab 24 h \u00fcber 05524-3703 erreichbar<\/span><\/li>\n<\/ul>\n<hr style=\"border: solid #ff0000 1px; height: 1px;\" \/>\n<p><strong><span style=\"color: #000000;\">Olaf Koch Heizung &#8211; Bad<\/span><\/strong><\/p>\n<ul>\n<li><span style=\"color: #000000;\">ab 20.04.2020 normal ge\u00f6ffent<\/span><\/li>\n<li><span style=\"color: #000000;\">Web <a style=\"color: #000000;\" href=\"https:\/\/www.olafkoch-heizung.de\/\">https:\/\/www.olafkoch-heizung.de\/<\/a><\/span><\/li>\n<\/ul>\n<hr style=\"border: solid #ff0000 1px; height: 1px;\" \/>\n<p><strong><span style=\"color: #000000;\">Einrichtungshaus Steckel<\/span><\/strong><\/p>\n<ul>\n<li><span style=\"color: #000000;\">ab dem 20.04.2020 in Teilbereichen unter Ber\u00fccksichtigung der aktuellen Bestimmungen ge\u00f6ffnet.<\/span><\/li>\n<li><span style=\"color: #000000;\">Tel 05524-4048<\/span><\/li>\n<li><span style=\"color: #000000;\">Mail <a style=\"color: #000000;\" href=\"mailto:info@einrichtungshaus-steckel.de\">info@einrichtungshaus-steckel.de<\/a><\/span><\/li>\n<\/ul>\n<p>&nbsp;<\/p>\n<p>&nbsp;<\/p>\n","protected":false},"excerpt":{"rendered":"<p>11.05.2020. Seit Montag, den 11.05.2020 sind fast alle Gesch\u00e4fte wieder zu den normalen \u00d6ffnungszeiten ge\u00f6ffnet. Ebenfalls die Restaurants und Gastst\u00e4tten, nat\u00fcrlich unter den zur Zeit geltenden Hygiene- und Abstandsregeln. Einzelne Zeiten k\u00f6nnen abweichen, bitte informieren Sie sich vor Ort oder auf den Seiten des H\u00e4ndlers. 20.04.2020. Hier finden Sie die alte \u00dcbersicht, was in Bad [&hellip;]<\/p>\n","protected":false},"author":1,"featured_media":0,"parent":0,"menu_order":0,"comment_status":"closed","ping_status":"closed","template":"","meta":{"footnotes":""},"class_list":["post-479","page","type-page","status-publish","hentry"],"_links":{"self":[{"href":"https:\/\/boulevard-badlauterberg.com\/index.php\/wp-json\/wp\/v2\/pages\/479","targetHints":{"allow":["GET"]}}],"collection":[{"href":"https:\/\/boulevard-badlauterberg.com\/index.php\/wp-json\/wp\/v2\/pages"}],"about":[{"href":"https:\/\/boulevard-badlauterberg.com\/index.php\/wp-json\/wp\/v2\/types\/page"}],"author":[{"embeddable":true,"href":"https:\/\/boulevard-badlauterberg.com\/index.php\/wp-json\/wp\/v2\/users\/1"}],"replies":[{"embeddable":true,"href":"https:\/\/boulevard-badlauterberg.com\/index.php\/wp-json\/wp\/v2\/comments?post=479"}],"version-history":[{"count":70,"href":"https:\/\/boulevard-badlauterberg.com\/index.php\/wp-json\/wp\/v2\/pages\/479\/revisions"}],"predecessor-version":[{"id":569,"href":"https:\/\/boulevard-badlauterberg.com\/index.php\/wp-json\/wp\/v2\/pages\/479\/revisions\/569"}],"wp:attachment":[{"href":"https:\/\/boulevard-badlauterberg.com\/index.php\/wp-json\/wp\/v2\/media?parent=479"}],"curies":[{"name":"wp","href":"https:\/\/api.w.org\/{rel}","templated":true}]}}