{"id":48,"date":"2017-07-24T19:47:44","date_gmt":"2017-07-24T17:47:44","guid":{"rendered":"http:\/\/boulevard-badlauterberg.com\/?page_id=48"},"modified":"2024-04-12T10:42:27","modified_gmt":"2024-04-12T08:42:27","slug":"home","status":"publish","type":"page","link":"https:\/\/boulevard-badlauterberg.com\/","title":{"rendered":"Willkommen"},"content":{"rendered":"<p><strong>Willkommen beim Verein Bad Lauterberg e.V. f\u00fcr Handel &amp; Gewerbe.<\/strong><span style=\"color: #0000ff;\"><br \/><\/span><\/p>\r\n<hr \/>\r\n<p>&nbsp;<\/p>\r\n<hr \/>\r\n<p>Der Verein Bad Lauterberg e.V. f\u00fcr Handel &amp; Gewerbe e.V. ist ein Zusammenschluss der &#8222;Bad Lauterberger&#8220; Einzelh\u00e4ndler, Hotels, Kliniken, Gesch\u00e4ftsleuten und anderer Gewerbe treibenden Personen\/Gesellschaften mit dem Ziel, Bad Lauterberg als Einkaufs- und Urlaubsstadt zu erhalten und mit Veranstaltungen das Interesse an unserer Stadt zu wecken.<\/p>\r\n<p>Highlights sind das j\u00e4hrlich wiederkehrende Fr\u00fchjahrs- und Herbst-Happening (mit verkaufsoffenem Sonntag) sowie das Weinfest. Daneben gibt es noch zwei bis drei weitere verkaufsoffene Sonntage. Auch f\u00fcr das Anbringen der Weihnachts-Beleuchtung ist der Verein unter Mithilfe der Feuerwehr Bad Lauterberg zust\u00e4ndig.<\/p>\r\n<p>Weitere Infos (auch zu den Mitgliedern) bekommen Sie auf diesen Seiten oder den unter Kontakt angegebenen M\u00f6glichkeiten.<\/p>\r\n<p>Bei Fragen nutzen Sie bitte die unter Kontakt angegebenen M\u00f6glichkeiten.<\/p>\r\n<p>Der Vorstand<\/p>\r\n\r\n<p>&nbsp;<\/p>\r\n","protected":false},"excerpt":{"rendered":"<p>Willkommen beim Verein Bad Lauterberg e.V. f\u00fcr Handel &amp; Gewerbe. &nbsp; Der Verein Bad Lauterberg e.V. f\u00fcr Handel &amp; Gewerbe e.V. ist ein Zusammenschluss der &#8222;Bad Lauterberger&#8220; Einzelh\u00e4ndler, Hotels, Kliniken, Gesch\u00e4ftsleuten und anderer Gewerbe treibenden Personen\/Gesellschaften mit dem Ziel, Bad Lauterberg als Einkaufs- und Urlaubsstadt zu erhalten und mit Veranstaltungen das Interesse an unserer Stadt [&hellip;]<\/p>\n","protected":false},"author":1,"featured_media":0,"parent":0,"menu_order":0,"comment_status":"closed","ping_status":"closed","template":"","meta":{"footnotes":""},"class_list":["post-48","page","type-page","status-publish","hentry"],"_links":{"self":[{"href":"https:\/\/boulevard-badlauterberg.com\/index.php\/wp-json\/wp\/v2\/pages\/48","targetHints":{"allow":["GET"]}}],"collection":[{"href":"https:\/\/boulevard-badlauterberg.com\/index.php\/wp-json\/wp\/v2\/pages"}],"about":[{"href":"https:\/\/boulevard-badlauterberg.com\/index.php\/wp-json\/wp\/v2\/types\/page"}],"author":[{"embeddable":true,"href":"https:\/\/boulevard-badlauterberg.com\/index.php\/wp-json\/wp\/v2\/users\/1"}],"replies":[{"embeddable":true,"href":"https:\/\/boulevard-badlauterberg.com\/index.php\/wp-json\/wp\/v2\/comments?post=48"}],"version-history":[{"count":66,"href":"https:\/\/boulevard-badlauterberg.com\/index.php\/wp-json\/wp\/v2\/pages\/48\/revisions"}],"predecessor-version":[{"id":848,"href":"https:\/\/boulevard-badlauterberg.com\/index.php\/wp-json\/wp\/v2\/pages\/48\/revisions\/848"}],"wp:attachment":[{"href":"https:\/\/boulevard-badlauterberg.com\/index.php\/wp-json\/wp\/v2\/media?parent=48"}],"curies":[{"name":"wp","href":"https:\/\/api.w.org\/{rel}","templated":true}]}}